{"id":7,"date":"2024-07-10T17:33:06","date_gmt":"2024-07-10T17:33:06","guid":{"rendered":"https:\/\/www.verdentrade.cz\/?page_id=7"},"modified":"2024-07-10T18:14:46","modified_gmt":"2024-07-10T18:14:46","slug":"verdentrade-s-r-o","status":"publish","type":"page","link":"https:\/\/www.verdentrade.cz\/","title":{"rendered":"VERDENTRADE s.r.o."},"content":{"rendered":"\n<div class=\"wp-block-group alignfull has-accent-background-color has-background has-global-padding is-layout-constrained wp-block-group-is-layout-constrained\" style=\"margin-top:0;margin-bottom:0;padding-top:var(--wp--preset--spacing--50);padding-right:var(--wp--preset--spacing--50);padding-bottom:var(--wp--preset--spacing--50);padding-left:var(--wp--preset--spacing--50)\">\n<div class=\"wp-block-columns alignwide is-layout-flex wp-container-core-columns-is-layout-1 wp-block-columns-is-layout-flex\">\n<div class=\"wp-block-column is-vertically-aligned-stretch is-layout-flow wp-block-column-is-layout-flow\" style=\"flex-basis:50%\">\n<div class=\"wp-block-group is-vertical is-content-justification-stretch is-layout-flex wp-container-core-group-is-layout-1 wp-block-group-is-layout-flex\" style=\"min-height:100%\">\n<p>Pr\u00e1v\u011b se nach\u00e1z\u00edte na str\u00e1nk\u00e1ch spole\u010dnosti VERDENTRADE s.r.o., jej\u00edm\u017e c\u00edlem a posl\u00e1n\u00edm je realizov\u00e1n\u00ed a podpora obchodn\u00ed \u010dinnosti.<\/p>\n\n\n\n<p>Realizov\u00e1n\u00edm obchodn\u00ed \u010dinnosti rozum\u00edme vytv\u00e1\u0159en\u00ed, udr\u017eov\u00e1n\u00ed a rozvoj obchodn\u00edch vztah\u016f mezi na\u0161imi dodavateli a odb\u011brateli. Podporou obchodn\u00ed \u010dinnosti rozum\u00edme, mezi jin\u00fdm, marketing, kde se sna\u017e\u00edme zhodnotit na\u0161e dlouholet\u00e9 zku\u0161enosti v zahrani\u010dn\u00edm obchodu sm\u011b\u0159uj\u00edc\u00ed do Vietnamu a \u010c\u00edny.<\/p>\n\n\n\n<p>Zakladatel\u00e9 a majitel\u00e9 spole\u010dnosti VERDENTRADE s.r.o. maj\u00ed oba v\u00edce ne\u017e patn\u00e1ctiletou praxi v oborech jako stavebnictv\u00ed, stroj\u00edrenstv\u00ed, energetika, povrchov\u00e9 a hlubinn\u00e9 dob\u00fdv\u00e1n\u00ed, obchod, export a import. Proto\u017ee tito p\u00e1nov\u00e9, Roman Raszyk a Jan K\u0159\u00edstek, necht\u011bj\u00ed a nemaj\u00ed z\u00e1jem v\u0161e m\u00edchat dohromady, vlastn\u00ed k dne\u0161n\u00edmu datu celkem t\u0159i spole\u010dnosti, z nich\u017e se ka\u017ed\u00e1 zam\u011b\u0159uje na specifick\u00fd obor.<\/p>\n\n\n\n<p>Proto\u017ee se oba majitel\u00e9 \u0159\u00edd\u00ed heslem \u201eNemus\u00ed pr\u0161et, sta\u010d\u00ed, kdy\u017e kape\u201c a heslem \u201ePen\u00edze kaz\u00ed charakter\u201c, jsou v\u0161echny tyto spole\u010dnosti sp\u00ed\u0161e \u201erodinn\u00e9ho typu\u201c bez jak\u00fdchkoliv ambic\u00ed st\u00e1t se \u201enejv\u011bt\u0161\u00edmi, nejziskov\u011bj\u0161\u00edmi, nejzn\u00e1m\u011bj\u0161\u00edmi, a podobn\u011b\u2026.\u201c. Smysl podnik\u00e1n\u00ed vid\u00ed v uspokojen\u00ed, kter\u00e9 jim p\u0159in\u00e1\u0161\u00ed i mal\u00e9 \u00fasp\u011bchy a v tom, \u017ee jsou schopni sv\u00fdm podnik\u00e1n\u00edm a svou prac\u00ed, u\u017eivit sebe a sv\u00e9 rodiny. Proto pokud hled\u00e1te \u201edrav\u00e9ho\u201c partnera, kter\u00fd je schopen dosahovat c\u00edl\u016f takzvan\u011b \u201ep\u0159es mrtvoly\u201c, s n\u00e1mi ur\u010dit\u011b nepochod\u00edte.<\/p>\n\n\n\n<p>Pokud chcete \u201erozumn\u011b\u201c podnikat, pokud chcete b\u00fdt schopni i po deseti letech podnik\u00e1n\u00ed \u201est\u00e1t rovn\u011b p\u0159ed zrcadlem\u201c a hlavn\u011b m\u00edt radost ze sv\u00e9ho podnik\u00e1n\u00ed, pak jste tady spr\u00e1vn\u011b. Ur\u010dit\u011b se dohodneme, vytvo\u0159\u00edme dlouhodob\u00e9 partnerstv\u00ed a budeme m\u00edt vz\u00e1jemn\u00fd prosp\u011bch z na\u0161\u00ed spolupr\u00e1ce.<\/p>\n<\/div>\n<\/div>\n\n\n\n<div class=\"wp-block-column is-vertically-aligned-center is-layout-flow wp-block-column-is-layout-flow\" style=\"flex-basis:50%\">\n<figure class=\"wp-block-gallery has-nested-images columns-default is-cropped wp-block-gallery-1 is-layout-flex wp-block-gallery-is-layout-flex\">\n<figure class=\"wp-block-image size-full is-style-rounded\"><img loading=\"lazy\" decoding=\"async\" width=\"440\" height=\"220\" src=\"https:\/\/www.verdentrade.cz\/wp-content\/uploads\/2024\/07\/slide6.jpg\" alt=\"\" class=\"wp-image-17\" style=\"aspect-ratio:3\/4;object-fit:cover\" srcset=\"https:\/\/www.verdentrade.cz\/wp-content\/uploads\/2024\/07\/slide6.jpg 440w, https:\/\/www.verdentrade.cz\/wp-content\/uploads\/2024\/07\/slide6-300x150.jpg 300w\" sizes=\"(max-width: 440px) 100vw, 440px\" \/><\/figure>\n<\/figure>\n<\/div>\n<\/div>\n<\/div>\n\n\n\n<div class=\"wp-block-group alignfull has-base-background-color has-background has-global-padding is-layout-constrained wp-block-group-is-layout-constrained\" style=\"margin-top:0;margin-bottom:0;padding-top:var(--wp--preset--spacing--50);padding-right:var(--wp--preset--spacing--50);padding-bottom:var(--wp--preset--spacing--50);padding-left:var(--wp--preset--spacing--50)\">\n<div class=\"wp-block-columns alignwide is-layout-flex wp-container-core-columns-is-layout-2 wp-block-columns-is-layout-flex\">\n<div class=\"wp-block-column is-layout-flow wp-container-core-column-is-layout-3 wp-block-column-is-layout-flow\" style=\"flex-basis:60%\">\n<p><strong>Slu\u017eby<\/strong><\/p>\n\n\n\n<p>Proto\u017ee jsme obchodn\u00ed spole\u010dnost, je na\u0161e kapacita \u201ev\u00fdroby\u201c omezena pouze kapacitou a po\u010dtem na\u0161ich dodavatel\u016f. Mnoho z na\u0161ich dodavatel\u016f jsou l\u00e9ty ov\u011b\u0159en\u00ed po v\u0161ech str\u00e1nk\u00e1ch. Pokud se stane, \u017ee mus\u00edme hledat nov\u00e9ho dodavatele, v\u017edy pe\u010dliv\u011b vyb\u00edr\u00e1me. Rozhodn\u011b se nezam\u011b\u0159ujeme pouze na cenu, a pokud bychom m\u011bli vyb\u00edrat mezi kvalitou a n\u00edzkou cenou, rad\u011bji zak\u00e1zku odm\u00edtneme.<\/p>\n\n\n\n<p>Na\u0161e slu\u017eby se zam\u011b\u0159uj\u00ed hlavn\u011b na tyto dod\u00e1vky:<\/p>\n\n\n\n<p><strong>Odlitky<\/strong><\/p>\n\n\n\n<p>Spolupracujeme se sl\u00e9v\u00e1rnami, kter\u00e9 disponuj\u00ed jak ru\u010dn\u00edm, tak strojn\u00edm formov\u00e1n\u00edm. Samoz\u0159ejmost\u00ed je n\u00e1sledn\u00e9 tepeln\u00e9 zpracov\u00e1n\u00ed, \u010di jin\u00e9 \u00fapravy.<\/p>\n\n\n\n<p>Jsme schopni zaji\u0161\u0165ovat odlitky z uhl\u00edkat\u00fdch, st\u0159edn\u011b legovan\u00fdch i vysoce legovan\u00fdch ocel\u00ed. Jsme schopni odl\u00e9vat ot\u011bru-vzdorn\u00e9, \u017e\u00e1ruvzdorn\u00e9 i \u017e\u00e1ropevn\u00e9 materi\u00e1ly. V sou\u010dasnosti dod\u00e1v\u00e1me ocelov\u00e9 odlitky v hmotnostech od 5kg do 5.000kg.<\/p>\n\n\n\n<p>Zaji\u0161\u0165ujeme samoz\u0159ejm\u011b i odlitky z litin (\u0161ed\u00e1 a tv\u00e1rn\u00e1 litina). V sou\u010dasnosti dod\u00e1v\u00e1me litinov\u00e9 odlitky v hmotnostech od 10kg do 2.000kg.<\/p>\n\n\n\n<p>Spolupracujeme i se sl\u00e9v\u00e1rnou, kter\u00e1 pou\u017e\u00edv\u00e1 speci\u00e1ln\u00ed technologie, jako je nap\u0159\u00edklad p\u0159esn\u00e9 lit\u00ed metodou vytaviteln\u00e9ho modelu, nebo odl\u00e9v\u00e1n\u00ed metodou vakuov\u00e9ho formov\u00e1n\u00ed. Ka\u017ed\u00e1 z t\u011bchto metod m\u00e1 sv\u00e9 opodstatn\u011bn\u00ed a vyu\u017eit\u00ed. U p\u0159esn\u00e9ho lit\u00ed jsme schopni dod\u00e1vat odlitky od 0,5kg a to i v men\u0161\u00edch s\u00e9ri\u00edch.<\/p>\n\n\n\n<p><strong>V\u00fdkovky<\/strong><\/p>\n\n\n\n<p>Spolupracujeme s n\u011bkolika kov\u00e1rnami, kter\u00e9 up\u0159ednost\u0148uj\u00ed z\u00e1pustkov\u00e9 kov\u00e1n\u00ed. V sou\u010dasnosti dod\u00e1v\u00e1me z\u00e1pustkov\u00e9 v\u00fdkovky v hmotnostech od 0,5kg do cca 100kg. Jsme schopni zajistit z\u00e1pustkov\u00e9 v\u00fdkovky v d\u00e9lk\u00e1ch a\u017e 1.300mm.<\/p>\n\n\n\n<p><strong>Dal\u0161\u00ed slu\u017eby<\/strong><\/p>\n\n\n\n<p>Pro v\u0161echny na\u0161e v\u00fdrobky b\u011b\u017en\u011b zaji\u0161\u0165ujeme polotovary nebo vstupn\u00ed materi\u00e1l. Za celou dobu fungov\u00e1n\u00ed na\u0161\u00ed firmy jsme nasb\u00edrali mnoho kvalitn\u00edch kontakt\u016f, tak\u017ee jsme schopni zajistit nep\u0159ebern\u00e9 mno\u017estv\u00ed r\u016fzn\u00fdch typ\u016f polotovar\u016f (r\u016fzn\u00e9 materi\u00e1ly, kulatiny, plechy, profily, v\u00fdkovky, odlitky atd.).<\/p>\n\n\n\n<p>Jsme schopni zaji\u0161\u0165ovat opracov\u00e1n\u00ed od jednotliv\u00fdch kus\u016f a\u017e po tis\u00edcov\u00e9 s\u00e9rie. V\u0161echny dod\u00e1van\u00e9 v\u00fdrobky jsme schopni dod\u00e1vat v\u010detn\u011b n\u00e1t\u011bru nebo n\u00e1st\u0159iku, pokoven\u00ed, nitridace, tepeln\u00e9ho zpracov\u00e1n\u00ed (kalen\u00ed, \u017e\u00edh\u00e1n\u00ed, popou\u0161t\u011bn\u00ed) nebo jin\u00fdch \u00faprav. K v\u00fdrobk\u016fm samoz\u0159ejm\u011b vystavuje rozm\u011brov\u00e9 protokoly, atesty a jin\u00e9 dokumenty dle po\u017eadavk\u016f z\u00e1kazn\u00edka. Dle dohody zaji\u0161\u0165ujeme balen\u00ed a dopravu. Jsme schopni zajistit i uskladn\u011bn\u00ed a postupnou expedici dle pot\u0159eby.<\/p>\n<\/div>\n<\/div>\n<\/div>\n\n\n\n<div class=\"wp-block-group alignfull has-global-padding is-layout-constrained wp-block-group-is-layout-constrained\" style=\"margin-top:0;margin-bottom:0;padding-top:var(--wp--preset--spacing--50);padding-right:var(--wp--preset--spacing--50);padding-bottom:var(--wp--preset--spacing--50);padding-left:var(--wp--preset--spacing--50)\"><\/div>\n\n\n\n<div class=\"wp-block-group alignfull has-global-padding is-layout-constrained wp-block-group-is-layout-constrained\" style=\"margin-top:0;margin-bottom:0;padding-top:var(--wp--preset--spacing--50);padding-right:var(--wp--preset--spacing--50);padding-bottom:var(--wp--preset--spacing--50);padding-left:var(--wp--preset--spacing--50)\">\n<div class=\"wp-block-columns alignwide are-vertically-aligned-center is-layout-flex wp-container-core-columns-is-layout-4 wp-block-columns-is-layout-flex\">\n<div class=\"wp-block-column is-vertically-aligned-center is-layout-flow wp-block-column-is-layout-flow\" style=\"flex-basis:50%\">\n<div class=\"wp-block-columns is-layout-flex wp-container-core-columns-is-layout-3 wp-block-columns-is-layout-flex\">\n<div class=\"wp-block-column is-layout-flow wp-block-column-is-layout-flow\" style=\"flex-basis:100%\">\n<figure class=\"wp-block-table\"><table border=0><tbody><tr><td><strong>Mgr. Veronika K\u0159\u00edstkov\u00e1<\/strong><\/td><td>Manager<\/td><\/tr><tr><td>Mobil:<\/td><td>+420 777 239 097<\/td><\/tr><tr><td>E-mail:<\/td><td>veronika.kristkova@verdengroup.cz<\/td><\/tr><tr><td><\/td><td><\/td><\/tr><tr><td><strong>Ing. Jan K\u0159\u00edstek, MBA<\/strong><\/td><td>CEO, jednatel, majitel<\/td><\/tr><tr><td>Mobil:<\/td><td>+420 608 250 277<\/td><\/tr><tr><td>E-mail:<\/td><td>jan.kristek@verdengroup.cz<\/td><\/tr><tr><td><\/td><td><\/td><\/tr><tr><td><strong>Roman Raszyk<\/strong><\/td><td>Majitel<\/td><\/tr><tr><td>Mobil:<\/td><td>+420 774 683 548<\/td><\/tr><tr><td>E-mail:<\/td><td>roman.raszyk@verdenhouse.cz<\/td><\/tr><\/tbody><\/table><\/figure>\n<\/div>\n<\/div>\n<\/div>\n\n\n\n<div class=\"wp-block-column is-vertically-aligned-center is-layout-flow wp-block-column-is-layout-flow\" style=\"flex-basis:50%\">\n<figure class=\"wp-block-image size-full is-style-rounded\"><img decoding=\"async\" src=\"https:\/\/www.verdentrade.cz\/wp-content\/themes\/twentytwentyfour\/assets\/images\/abstract-geometric-art.webp\" alt=\"White abstract geometric artwork from Dresden, Germany\" style=\"aspect-ratio:4\/3;object-fit:cover\"\/><\/figure>\n<\/div>\n<\/div>\n<\/div>\n\n\n\n<p><\/p>\n\n\n\n<p><\/p>\n\n\n\n<p><\/p>\n\n\n\n<p><\/p>\n\n\n\n<p><\/p>\n\n\n\n<div class=\"wp-block-group alignfull has-global-padding is-layout-constrained wp-block-group-is-layout-constrained\" style=\"margin-top:0;margin-bottom:0;padding-top:var(--wp--preset--spacing--50);padding-right:var(--wp--preset--spacing--50);padding-bottom:var(--wp--preset--spacing--50);padding-left:var(--wp--preset--spacing--50)\">\n<div class=\"wp-block-group alignwide has-global-padding is-layout-constrained wp-container-core-group-is-layout-7 wp-block-group-is-layout-constrained\">\n<div class=\"wp-block-group is-vertical is-content-justification-center is-layout-flex wp-container-core-group-is-layout-6 wp-block-group-is-layout-flex\">\n<h2 class=\"wp-block-heading has-text-align-center is-style-asterisk\">Adresa<\/h2>\n\n\n\n<p class=\"has-text-align-center\"><\/p>\n<\/div>\n\n\n\n<div style=\"height:var(--wp--preset--spacing--40)\" aria-hidden=\"true\" class=\"wp-block-spacer\"><\/div>\n\n\n\n<div class=\"wp-block-columns alignwide is-layout-flex wp-container-core-columns-is-layout-5 wp-block-columns-is-layout-flex\">\n<div class=\"wp-block-column is-vertically-aligned-center is-layout-flow wp-block-column-is-layout-flow\" style=\"flex-basis:40%\">\n<h3 class=\"wp-block-heading is-style-asterisk\">S\u00eddlo spole\u010dnosti a faktura\u010dn\u00ed adresa:<\/h3>\n\n\n\n<p>VERDENTRADE s.r.o.<\/p>\n\n\n\n<p>V\u00fdstavn\u00ed 1928\/9, Moravsk\u00e1 Ostrava<\/p>\n\n\n\n<p>702 00 Ostrava<\/p>\n\n\n\n<ul style=\"line-height:1.75\" class=\"is-style-checkmark-list\"><\/ul>\n<\/div>\n\n\n\n<div class=\"wp-block-column is-layout-flow wp-block-column-is-layout-flow\" style=\"flex-basis:50%\">\n<figure class=\"wp-block-image size-large is-style-rounded\"><img decoding=\"async\" src=\"https:\/\/www.verdentrade.cz\/wp-content\/themes\/twentytwentyfour\/assets\/images\/tourist-and-building.webp\" alt=\"Tourist taking photo of a building\"\/><\/figure>\n<\/div>\n<\/div>\n\n\n\n<div style=\"height:var(--wp--preset--spacing--40)\" aria-hidden=\"true\" class=\"wp-block-spacer\"><\/div>\n\n\n\n<div class=\"wp-block-columns alignwide is-layout-flex wp-container-core-columns-is-layout-6 wp-block-columns-is-layout-flex\">\n<div class=\"wp-block-column is-layout-flow wp-block-column-is-layout-flow\" style=\"flex-basis:50%\">\n<p>Spole\u010dnost VERDENTRADE s.r.o. je veden\u00e1 u Krajsk\u00e9ho soudu v Ostrav\u011b pod spisovou zna\u010dkou C 54117.<\/p>\n\n\n\n<p>I\u010c: 294 48 972<\/p>\n\n\n\n<p>DI\u010c: CZ29448972<\/p>\n<\/div>\n\n\n\n<div class=\"wp-block-column is-vertically-aligned-center is-layout-flow wp-block-column-is-layout-flow\" style=\"flex-basis:40%\">\n<h3 class=\"wp-block-heading is-style-asterisk\">Koresponden\u010dn\u00ed adresa:<\/h3>\n\n\n\n<p>VERDENTRADE s.r.o.<\/p>\n\n\n\n<p>702 00 Ostrava<\/p>\n\n\n\n<p>VERDENTRADE s.r.o.<\/p>\n\n\n\n<p>Pr\u016fmyslov\u00fd are\u00e1l BONAP-ICCZ s.r.o.<\/p>\n\n\n\n<p>739 53 Hnojn\u00edk 408<\/p>\n\n\n\n<ul style=\"line-height:1.75\" class=\"is-style-checkmark-list\"><\/ul>\n<\/div>\n<\/div>\n<\/div>\n<\/div>\n","protected":false},"excerpt":{"rendered":"<p>Pr\u00e1v\u011b se nach\u00e1z\u00edte na str\u00e1nk\u00e1ch spole\u010dnosti VERDENTRADE s.r.o., jej\u00edm\u017e c\u00edlem a posl\u00e1n\u00edm je realizov\u00e1n\u00ed a podpora obchodn\u00ed \u010dinnosti. Realizov\u00e1n\u00edm obchodn\u00ed \u010dinnosti rozum\u00edme vytv\u00e1\u0159en\u00ed, udr\u017eov\u00e1n\u00ed a rozvoj obchodn\u00edch vztah\u016f mezi na\u0161imi dodavateli a odb\u011brateli. Podporou obchodn\u00ed \u010dinnosti rozum\u00edme, mezi jin\u00fdm, marketing, kde se sna\u017e\u00edme zhodnotit na\u0161e dlouholet\u00e9 zku\u0161enosti v zahrani\u010dn\u00edm obchodu sm\u011b\u0159uj\u00edc\u00ed do Vietnamu a \u010c\u00edny. [&hellip;]<\/p>\n","protected":false},"author":1,"featured_media":0,"parent":0,"menu_order":0,"comment_status":"closed","ping_status":"closed","template":"","meta":{"footnotes":""},"_links":{"self":[{"href":"https:\/\/www.verdentrade.cz\/index.php?rest_route=\/wp\/v2\/pages\/7"}],"collection":[{"href":"https:\/\/www.verdentrade.cz\/index.php?rest_route=\/wp\/v2\/pages"}],"about":[{"href":"https:\/\/www.verdentrade.cz\/index.php?rest_route=\/wp\/v2\/types\/page"}],"author":[{"embeddable":true,"href":"https:\/\/www.verdentrade.cz\/index.php?rest_route=\/wp\/v2\/users\/1"}],"replies":[{"embeddable":true,"href":"https:\/\/www.verdentrade.cz\/index.php?rest_route=%2Fwp%2Fv2%2Fcomments&post=7"}],"version-history":[{"count":14,"href":"https:\/\/www.verdentrade.cz\/index.php?rest_route=\/wp\/v2\/pages\/7\/revisions"}],"predecessor-version":[{"id":33,"href":"https:\/\/www.verdentrade.cz\/index.php?rest_route=\/wp\/v2\/pages\/7\/revisions\/33"}],"wp:attachment":[{"href":"https:\/\/www.verdentrade.cz\/index.php?rest_route=%2Fwp%2Fv2%2Fmedia&parent=7"}],"curies":[{"name":"wp","href":"https:\/\/api.w.org\/{rel}","templated":true}]}}